{"id":489,"date":"2022-08-07T09:30:39","date_gmt":"2022-08-07T09:30:39","guid":{"rendered":"https:\/\/calendariotrentino.it\/?post_type=product&#038;p=489"},"modified":"2026-03-17T14:48:03","modified_gmt":"2026-03-17T14:48:03","slug":"calendario-dei-proverbi-trentini-2023-solo-calendario","status":"publish","type":"product","link":"https:\/\/calendariotrentino.it\/index.php\/prodotto\/calendario-dei-proverbi-trentini-2023-solo-calendario\/","title":{"rendered":"Calendario dei proverbi trentini 2026 solo calendario"},"content":{"rendered":"","protected":false},"excerpt":{"rendered":"<p>&nbsp;<\/p>\n<p><img decoding=\"async\" class=\"wp-image-480 size-medium aligncenter\" src=\"https:\/\/calendariotrentino.it\/wp-content\/uploads\/2022\/08\/icon_calendario_solo_calendario-300x136.jpg\" alt=\"\" width=\"300\" height=\"136\" srcset=\"https:\/\/calendariotrentino.it\/wp-content\/uploads\/2022\/08\/icon_calendario_solo_calendario-300x136.jpg 300w, https:\/\/calendariotrentino.it\/wp-content\/uploads\/2022\/08\/icon_calendario_solo_calendario-324x147.jpg 324w, https:\/\/calendariotrentino.it\/wp-content\/uploads\/2022\/08\/icon_calendario_solo_calendario-416x189.jpg 416w, https:\/\/calendariotrentino.it\/wp-content\/uploads\/2022\/08\/icon_calendario_solo_calendario.jpg 657w\" sizes=\"(max-width: 300px) 100vw, 300px\" \/><\/p>\n<p>&nbsp;<\/p>\n<p><strong>365 proverbi e detti in dialetto trentino<\/strong><\/p>\n<blockquote>\n<p class=\"p1\"><strong>E, i proverbi, signor conte,<\/strong><br \/>\n<strong>sono la sapienza del genere umano.<\/strong><br \/>\n(A. Manzoni. l promessi sposi, Cap. V)<\/p>\n<\/blockquote>\n<p>Non solo proverbi ma sentenze, avvertimenti, esclamazioni e vocaboli fanno parte di questa nuova raccolta. Queste espressioni in dialetto trentino, antiche e moderne, abbracciano vari argomenti. Si va dalla saggezza contadina alla metereologia. Dal lavoro al denaro. Dai rapporti umani ai vizi e alle virt\u00f9. Si tratta di un calendario che dovr\u00e0 essere scoperto giornalmente, senza fretta, dove lo stacco di ogni foglio potr\u00e0 far sorridere o riflettere.<\/p>\n<p>&nbsp;<\/p>\n<ul>\n<li>formato calendario 10&#215;15 cm<\/li>\n<\/ul>\n<p>&nbsp;<\/p>\n<p><strong>Idea regalo<\/strong><\/p>\n<p>&nbsp;<\/p>\n<p>Il Calendario Trentino \u00e8 un SIMPATICO REGALO per i tuoi AMICI, per i tuoi GENITORI, per i tuoi NONNI, per TE STESSO, per Natale e San Valentino.<br \/>\nPerfetto da tenere a casa, per la scrivania dell\u2019ufficio, per la macchinetta del caff\u00e8, per bar o sale d\u2019attesa.<\/p>\n<p>&nbsp;<\/p>\n","protected":false},"featured_media":1472,"comment_status":"open","ping_status":"closed","template":"","meta":[],"product_brand":[],"product_cat":[21],"product_tag":[23],"class_list":{"0":"post-489","1":"product","2":"type-product","3":"status-publish","4":"has-post-thumbnail","6":"product_cat-calendario","7":"product_tag-calendario","9":"first","10":"instock","11":"sale","12":"shipping-taxable","13":"purchasable","14":"product-type-simple"},"yoast_head":"<!-- This site is optimized with the Yoast SEO plugin v26.6 - https:\/\/yoast.com\/wordpress\/plugins\/seo\/ -->\n<title>Calendario dei proverbi trentini 2026 solo calendario &#8226; Calendario trentino<\/title>\n<meta name=\"description\" content=\"Calendario dei proverbi e detti trentini. Un calendario che dovr\u00e0 essere scoperto giornalmente, ogni foglio ti far\u00e0 sorridere o riflettere\" \/>\n<meta name=\"robots\" content=\"index, follow, max-snippet:-1, max-image-preview:large, max-video-preview:-1\" \/>\n<link rel=\"canonical\" href=\"https:\/\/calendariotrentino.it\/index.php\/prodotto\/calendario-dei-proverbi-trentini-2023-solo-calendario\/\" \/>\n<meta property=\"og:locale\" content=\"it_IT\" \/>\n<meta property=\"og:type\" content=\"article\" \/>\n<meta property=\"og:title\" content=\"Calendario dei proverbi trentini 2026 solo calendario &#8226; Calendario trentino\" \/>\n<meta property=\"og:description\" content=\"Calendario dei proverbi e detti trentini. Un calendario che dovr\u00e0 essere scoperto giornalmente, ogni foglio ti far\u00e0 sorridere o riflettere\" \/>\n<meta property=\"og:url\" content=\"https:\/\/calendariotrentino.it\/index.php\/prodotto\/calendario-dei-proverbi-trentini-2023-solo-calendario\/\" \/>\n<meta property=\"og:site_name\" content=\"Calendario trentino\" \/>\n<meta property=\"article:modified_time\" content=\"2026-03-17T14:48:03+00:00\" \/>\n<meta property=\"og:image\" content=\"https:\/\/calendariotrentino.it\/wp-content\/uploads\/2025\/09\/calendario_2026_solo_calendario_1.jpg\" \/>\n\t<meta property=\"og:image:width\" content=\"900\" \/>\n\t<meta property=\"og:image:height\" content=\"1200\" \/>\n\t<meta property=\"og:image:type\" content=\"image\/jpeg\" \/>\n<meta name=\"twitter:card\" content=\"summary_large_image\" \/>\n<script type=\"application\/ld+json\" class=\"yoast-schema-graph\">{\"@context\":\"https:\/\/schema.org\",\"@graph\":[{\"@type\":\"WebPage\",\"@id\":\"https:\/\/calendariotrentino.it\/index.php\/prodotto\/calendario-dei-proverbi-trentini-2023-solo-calendario\/\",\"url\":\"https:\/\/calendariotrentino.it\/index.php\/prodotto\/calendario-dei-proverbi-trentini-2023-solo-calendario\/\",\"name\":\"Calendario dei proverbi trentini 2026 solo calendario &#8226; Calendario trentino\",\"isPartOf\":{\"@id\":\"https:\/\/calendariotrentino.it\/#website\"},\"primaryImageOfPage\":{\"@id\":\"https:\/\/calendariotrentino.it\/index.php\/prodotto\/calendario-dei-proverbi-trentini-2023-solo-calendario\/#primaryimage\"},\"image\":{\"@id\":\"https:\/\/calendariotrentino.it\/index.php\/prodotto\/calendario-dei-proverbi-trentini-2023-solo-calendario\/#primaryimage\"},\"thumbnailUrl\":\"https:\/\/calendariotrentino.it\/wp-content\/uploads\/2025\/09\/calendario_2026_solo_calendario_1.jpg\",\"datePublished\":\"2022-08-07T09:30:39+00:00\",\"dateModified\":\"2026-03-17T14:48:03+00:00\",\"description\":\"Calendario dei proverbi e detti trentini. Un calendario che dovr\u00e0 essere scoperto giornalmente, ogni foglio ti far\u00e0 sorridere o riflettere\",\"breadcrumb\":{\"@id\":\"https:\/\/calendariotrentino.it\/index.php\/prodotto\/calendario-dei-proverbi-trentini-2023-solo-calendario\/#breadcrumb\"},\"inLanguage\":\"it-IT\",\"potentialAction\":[{\"@type\":\"ReadAction\",\"target\":[\"https:\/\/calendariotrentino.it\/index.php\/prodotto\/calendario-dei-proverbi-trentini-2023-solo-calendario\/\"]}]},{\"@type\":\"ImageObject\",\"inLanguage\":\"it-IT\",\"@id\":\"https:\/\/calendariotrentino.it\/index.php\/prodotto\/calendario-dei-proverbi-trentini-2023-solo-calendario\/#primaryimage\",\"url\":\"https:\/\/calendariotrentino.it\/wp-content\/uploads\/2025\/09\/calendario_2026_solo_calendario_1.jpg\",\"contentUrl\":\"https:\/\/calendariotrentino.it\/wp-content\/uploads\/2025\/09\/calendario_2026_solo_calendario_1.jpg\",\"width\":900,\"height\":1200},{\"@type\":\"BreadcrumbList\",\"@id\":\"https:\/\/calendariotrentino.it\/index.php\/prodotto\/calendario-dei-proverbi-trentini-2023-solo-calendario\/#breadcrumb\",\"itemListElement\":[{\"@type\":\"ListItem\",\"position\":1,\"name\":\"Home\",\"item\":\"https:\/\/calendariotrentino.it\/\"},{\"@type\":\"ListItem\",\"position\":2,\"name\":\"Shop\",\"item\":\"https:\/\/calendariotrentino.it\/index.php\/negozio\/\"},{\"@type\":\"ListItem\",\"position\":3,\"name\":\"Calendario dei proverbi trentini 2026 solo calendario\"}]},{\"@type\":\"WebSite\",\"@id\":\"https:\/\/calendariotrentino.it\/#website\",\"url\":\"https:\/\/calendariotrentino.it\/\",\"name\":\"Calendario trentino\",\"description\":\"Calendario trentino, proverbi e detti in dialetto trentino\",\"publisher\":{\"@id\":\"https:\/\/calendariotrentino.it\/#organization\"},\"potentialAction\":[{\"@type\":\"SearchAction\",\"target\":{\"@type\":\"EntryPoint\",\"urlTemplate\":\"https:\/\/calendariotrentino.it\/?s={search_term_string}\"},\"query-input\":{\"@type\":\"PropertyValueSpecification\",\"valueRequired\":true,\"valueName\":\"search_term_string\"}}],\"inLanguage\":\"it-IT\"},{\"@type\":\"Organization\",\"@id\":\"https:\/\/calendariotrentino.it\/#organization\",\"name\":\"Calendario Trentino\",\"url\":\"https:\/\/calendariotrentino.it\/\",\"logo\":{\"@type\":\"ImageObject\",\"inLanguage\":\"it-IT\",\"@id\":\"https:\/\/calendariotrentino.it\/#\/schema\/logo\/image\/\",\"url\":\"https:\/\/calendariotrentino.it\/wp-content\/uploads\/2021\/10\/logo_CALENDARIO_mail.png\",\"contentUrl\":\"https:\/\/calendariotrentino.it\/wp-content\/uploads\/2021\/10\/logo_CALENDARIO_mail.png\",\"width\":248,\"height\":262,\"caption\":\"Calendario Trentino\"},\"image\":{\"@id\":\"https:\/\/calendariotrentino.it\/#\/schema\/logo\/image\/\"}}]}<\/script>\n<!-- \/ Yoast SEO plugin. -->","yoast_head_json":{"title":"Calendario dei proverbi trentini 2026 solo calendario &#8226; Calendario trentino","description":"Calendario dei proverbi e detti trentini. Un calendario che dovr\u00e0 essere scoperto giornalmente, ogni foglio ti far\u00e0 sorridere o riflettere","robots":{"index":"index","follow":"follow","max-snippet":"max-snippet:-1","max-image-preview":"max-image-preview:large","max-video-preview":"max-video-preview:-1"},"canonical":"https:\/\/calendariotrentino.it\/index.php\/prodotto\/calendario-dei-proverbi-trentini-2023-solo-calendario\/","og_locale":"it_IT","og_type":"article","og_title":"Calendario dei proverbi trentini 2026 solo calendario &#8226; Calendario trentino","og_description":"Calendario dei proverbi e detti trentini. Un calendario che dovr\u00e0 essere scoperto giornalmente, ogni foglio ti far\u00e0 sorridere o riflettere","og_url":"https:\/\/calendariotrentino.it\/index.php\/prodotto\/calendario-dei-proverbi-trentini-2023-solo-calendario\/","og_site_name":"Calendario trentino","article_modified_time":"2026-03-17T14:48:03+00:00","og_image":[{"width":900,"height":1200,"url":"https:\/\/calendariotrentino.it\/wp-content\/uploads\/2025\/09\/calendario_2026_solo_calendario_1.jpg","type":"image\/jpeg"}],"twitter_card":"summary_large_image","schema":{"@context":"https:\/\/schema.org","@graph":[{"@type":"WebPage","@id":"https:\/\/calendariotrentino.it\/index.php\/prodotto\/calendario-dei-proverbi-trentini-2023-solo-calendario\/","url":"https:\/\/calendariotrentino.it\/index.php\/prodotto\/calendario-dei-proverbi-trentini-2023-solo-calendario\/","name":"Calendario dei proverbi trentini 2026 solo calendario &#8226; Calendario trentino","isPartOf":{"@id":"https:\/\/calendariotrentino.it\/#website"},"primaryImageOfPage":{"@id":"https:\/\/calendariotrentino.it\/index.php\/prodotto\/calendario-dei-proverbi-trentini-2023-solo-calendario\/#primaryimage"},"image":{"@id":"https:\/\/calendariotrentino.it\/index.php\/prodotto\/calendario-dei-proverbi-trentini-2023-solo-calendario\/#primaryimage"},"thumbnailUrl":"https:\/\/calendariotrentino.it\/wp-content\/uploads\/2025\/09\/calendario_2026_solo_calendario_1.jpg","datePublished":"2022-08-07T09:30:39+00:00","dateModified":"2026-03-17T14:48:03+00:00","description":"Calendario dei proverbi e detti trentini. Un calendario che dovr\u00e0 essere scoperto giornalmente, ogni foglio ti far\u00e0 sorridere o riflettere","breadcrumb":{"@id":"https:\/\/calendariotrentino.it\/index.php\/prodotto\/calendario-dei-proverbi-trentini-2023-solo-calendario\/#breadcrumb"},"inLanguage":"it-IT","potentialAction":[{"@type":"ReadAction","target":["https:\/\/calendariotrentino.it\/index.php\/prodotto\/calendario-dei-proverbi-trentini-2023-solo-calendario\/"]}]},{"@type":"ImageObject","inLanguage":"it-IT","@id":"https:\/\/calendariotrentino.it\/index.php\/prodotto\/calendario-dei-proverbi-trentini-2023-solo-calendario\/#primaryimage","url":"https:\/\/calendariotrentino.it\/wp-content\/uploads\/2025\/09\/calendario_2026_solo_calendario_1.jpg","contentUrl":"https:\/\/calendariotrentino.it\/wp-content\/uploads\/2025\/09\/calendario_2026_solo_calendario_1.jpg","width":900,"height":1200},{"@type":"BreadcrumbList","@id":"https:\/\/calendariotrentino.it\/index.php\/prodotto\/calendario-dei-proverbi-trentini-2023-solo-calendario\/#breadcrumb","itemListElement":[{"@type":"ListItem","position":1,"name":"Home","item":"https:\/\/calendariotrentino.it\/"},{"@type":"ListItem","position":2,"name":"Shop","item":"https:\/\/calendariotrentino.it\/index.php\/negozio\/"},{"@type":"ListItem","position":3,"name":"Calendario dei proverbi trentini 2026 solo calendario"}]},{"@type":"WebSite","@id":"https:\/\/calendariotrentino.it\/#website","url":"https:\/\/calendariotrentino.it\/","name":"Calendario trentino","description":"Calendario trentino, proverbi e detti in dialetto trentino","publisher":{"@id":"https:\/\/calendariotrentino.it\/#organization"},"potentialAction":[{"@type":"SearchAction","target":{"@type":"EntryPoint","urlTemplate":"https:\/\/calendariotrentino.it\/?s={search_term_string}"},"query-input":{"@type":"PropertyValueSpecification","valueRequired":true,"valueName":"search_term_string"}}],"inLanguage":"it-IT"},{"@type":"Organization","@id":"https:\/\/calendariotrentino.it\/#organization","name":"Calendario Trentino","url":"https:\/\/calendariotrentino.it\/","logo":{"@type":"ImageObject","inLanguage":"it-IT","@id":"https:\/\/calendariotrentino.it\/#\/schema\/logo\/image\/","url":"https:\/\/calendariotrentino.it\/wp-content\/uploads\/2021\/10\/logo_CALENDARIO_mail.png","contentUrl":"https:\/\/calendariotrentino.it\/wp-content\/uploads\/2021\/10\/logo_CALENDARIO_mail.png","width":248,"height":262,"caption":"Calendario Trentino"},"image":{"@id":"https:\/\/calendariotrentino.it\/#\/schema\/logo\/image\/"}}]}},"_links":{"self":[{"href":"https:\/\/calendariotrentino.it\/index.php\/wp-json\/wp\/v2\/product\/489","targetHints":{"allow":["GET"]}}],"collection":[{"href":"https:\/\/calendariotrentino.it\/index.php\/wp-json\/wp\/v2\/product"}],"about":[{"href":"https:\/\/calendariotrentino.it\/index.php\/wp-json\/wp\/v2\/types\/product"}],"replies":[{"embeddable":true,"href":"https:\/\/calendariotrentino.it\/index.php\/wp-json\/wp\/v2\/comments?post=489"}],"wp:featuredmedia":[{"embeddable":true,"href":"https:\/\/calendariotrentino.it\/index.php\/wp-json\/wp\/v2\/media\/1472"}],"wp:attachment":[{"href":"https:\/\/calendariotrentino.it\/index.php\/wp-json\/wp\/v2\/media?parent=489"}],"wp:term":[{"taxonomy":"product_brand","embeddable":true,"href":"https:\/\/calendariotrentino.it\/index.php\/wp-json\/wp\/v2\/product_brand?post=489"},{"taxonomy":"product_cat","embeddable":true,"href":"https:\/\/calendariotrentino.it\/index.php\/wp-json\/wp\/v2\/product_cat?post=489"},{"taxonomy":"product_tag","embeddable":true,"href":"https:\/\/calendariotrentino.it\/index.php\/wp-json\/wp\/v2\/product_tag?post=489"}],"curies":[{"name":"wp","href":"https:\/\/api.w.org\/{rel}","templated":true}]}}