{"id":39,"date":"2021-09-28T04:26:27","date_gmt":"2021-09-28T04:26:27","guid":{"rendered":"https:\/\/calendariotrentino.it\/?page_id=39"},"modified":"2021-09-28T04:26:27","modified_gmt":"2021-09-28T04:26:27","slug":"modalita-di-pagamento","status":"publish","type":"page","link":"https:\/\/calendariotrentino.it\/index.php\/modalita-di-pagamento\/","title":{"rendered":"Modalit\u00e0 di pagamento"},"content":{"rendered":"\n<figure class=\"wp-block-image size-full\"><img decoding=\"async\" width=\"150\" height=\"94\" src=\"https:\/\/calendariotrentino.it\/wp-content\/uploads\/2021\/09\/pp_cc_mark_74x461.jpg\" alt=\"\" class=\"wp-image-40\"\/><\/figure>\n\n\n\n<h2 class=\"wp-block-heading\">PayPal e Carta di Credito<\/h2>\n\n\n\n<p>Una volta confermato l\u2019ordine si verr\u00e0 indirizzati alla pagina PayPal per effettuare il pagamento (transazione sicura e protetta SSL).<\/p>\n\n\n\n<p><strong>Se hai gi\u00e0 un conto PayPal<\/strong>&nbsp;sar\u00e0 sufficiente inserire i dati del tuo account e completare l\u2019operazione.<\/p>\n\n\n\n<figure class=\"wp-block-image size-full\"><img decoding=\"async\" width=\"318\" height=\"80\" src=\"https:\/\/calendariotrentino.it\/wp-content\/uploads\/2021\/09\/akena_pagamento_cc_paypal11.jpg\" alt=\"\" class=\"wp-image-41\" srcset=\"https:\/\/calendariotrentino.it\/wp-content\/uploads\/2021\/09\/akena_pagamento_cc_paypal11.jpg 318w, https:\/\/calendariotrentino.it\/wp-content\/uploads\/2021\/09\/akena_pagamento_cc_paypal11-300x75.jpg 300w\" sizes=\"(max-width: 318px) 100vw, 318px\" \/><\/figure>\n\n\n\n<p><strong>Se NON hai un conto PayPal puoi usare la tua carta di credito senza necessit\u00e0 di registrarti.&nbsp;<\/strong>Per effettuare il pagamento non \u00e8 necessario avere un conto PayPal, \u00e8 sufficiente una delle carte di credito accettate da PayPal, cio\u00e8: Visa, MasterCard, American Express, Carta Aura, Carta Postepay.<\/p>\n\n\n\n<p>Una volta scelta la opzione PayPal come metodo di pagamento, nella schermata successiva, clicca sul pulsante in fondo&nbsp;<strong>&#8220;Paga con una carta&#8221;<\/strong>, compila i dati necessari e conferma il pagamento.<\/p>\n\n\n\n<p>Una volta eseguito il pagamento la ricevuta della transazione verr\u00e0 inviata tramite e-mail.<\/p>\n\n\n\n<p>Anche se nell&#8217;account Paypal \u00e8 indicato un indirizzo, la spedizione avverr\u00e0 all&#8217;indirizzo di consegna indicato nella registrazione su&nbsp;<a href=\"https:\/\/www.akenaitaly.it\/\">www.akenaitaly.it<\/a>.<\/p>\n\n\n\n<p><strong>VEDI COME FARE PASSO PASSO<\/strong><\/p>\n\n\n\n<p>1. Scegli la opzione PayPal come metodo di pagamento e nella schermata successiva,&nbsp;<strong>clicca sul bottone grigio &#8220;Paga con una carta&#8221;<\/strong>.<\/p>\n\n\n\n<figure class=\"wp-block-image size-full\"><img fetchpriority=\"high\" decoding=\"async\" width=\"601\" height=\"804\" src=\"https:\/\/calendariotrentino.it\/wp-content\/uploads\/2021\/09\/pp-11.png\" alt=\"\" class=\"wp-image-42\" srcset=\"https:\/\/calendariotrentino.it\/wp-content\/uploads\/2021\/09\/pp-11.png 601w, https:\/\/calendariotrentino.it\/wp-content\/uploads\/2021\/09\/pp-11-224x300.png 224w, https:\/\/calendariotrentino.it\/wp-content\/uploads\/2021\/09\/pp-11-324x433.png 324w, https:\/\/calendariotrentino.it\/wp-content\/uploads\/2021\/09\/pp-11-416x557.png 416w\" sizes=\"(max-width: 601px) 100vw, 601px\" \/><\/figure>\n\n\n\n<p>2. Nella schermata successiva compila il modulo con i tuoi dati (tipo di carta, numero carta, scadenza, CVV, nome, cognome, indirizzo, email, etc.) e&nbsp;<strong>spunta &#8220;No, grazie&#8221;<\/strong>&nbsp;nella sezione&nbsp;<em>Usufruisci di tutti i vantaggi di PayPal<\/em>. Poi&nbsp;<strong>clicca sul bottone blu &#8216;Paga adesso&#8217;<\/strong>&nbsp;per portare a termine il pagamento senza creare un&#8217;account.<\/p>\n\n\n\n<figure class=\"wp-block-image size-full\"><img loading=\"lazy\" decoding=\"async\" width=\"591\" height=\"1024\" src=\"https:\/\/calendariotrentino.it\/wp-content\/uploads\/2021\/09\/pp-2-591x10241-1.png\" alt=\"\" class=\"wp-image-43\" srcset=\"https:\/\/calendariotrentino.it\/wp-content\/uploads\/2021\/09\/pp-2-591x10241-1.png 591w, https:\/\/calendariotrentino.it\/wp-content\/uploads\/2021\/09\/pp-2-591x10241-1-173x300.png 173w, https:\/\/calendariotrentino.it\/wp-content\/uploads\/2021\/09\/pp-2-591x10241-1-324x561.png 324w, https:\/\/calendariotrentino.it\/wp-content\/uploads\/2021\/09\/pp-2-591x10241-1-416x721.png 416w\" sizes=\"(max-width: 591px) 100vw, 591px\" \/><\/figure>\n\n\n\n<p><\/p>\n","protected":false},"excerpt":{"rendered":"<p>PayPal e Carta di Credito Una volta confermato l\u2019ordine si verr\u00e0 indirizzati alla pagina PayPal per effettuare il pagamento (transazione sicura e protetta SSL). Se hai gi\u00e0 un conto PayPal&nbsp;sar\u00e0 sufficiente inserire i dati del tuo account e completare l\u2019operazione. Se NON hai un conto PayPal puoi usare la tua carta di credito senza necessit\u00e0 [&hellip;]<\/p>\n","protected":false},"author":1,"featured_media":0,"parent":0,"menu_order":0,"comment_status":"closed","ping_status":"closed","template":"","meta":{"footnotes":""},"class_list":["post-39","page","type-page","status-publish","hentry"],"yoast_head":"<!-- This site is optimized with the Yoast SEO plugin v26.6 - https:\/\/yoast.com\/wordpress\/plugins\/seo\/ -->\n<title>Modalit\u00e0 di pagamento &#8226; Calendario trentino<\/title>\n<meta name=\"robots\" content=\"index, follow, max-snippet:-1, max-image-preview:large, max-video-preview:-1\" \/>\n<link rel=\"canonical\" href=\"https:\/\/calendariotrentino.it\/index.php\/modalita-di-pagamento\/\" \/>\n<meta property=\"og:locale\" content=\"it_IT\" \/>\n<meta property=\"og:type\" content=\"article\" \/>\n<meta property=\"og:title\" content=\"Modalit\u00e0 di pagamento &#8226; Calendario trentino\" \/>\n<meta property=\"og:description\" content=\"PayPal e Carta di Credito Una volta confermato l\u2019ordine si verr\u00e0 indirizzati alla pagina PayPal per effettuare il pagamento (transazione sicura e protetta SSL). Se hai gi\u00e0 un conto PayPal&nbsp;sar\u00e0 sufficiente inserire i dati del tuo account e completare l\u2019operazione. Se NON hai un conto PayPal puoi usare la tua carta di credito senza necessit\u00e0 [&hellip;]\" \/>\n<meta property=\"og:url\" content=\"https:\/\/calendariotrentino.it\/index.php\/modalita-di-pagamento\/\" \/>\n<meta property=\"og:site_name\" content=\"Calendario trentino\" \/>\n<meta property=\"og:image\" content=\"https:\/\/calendariotrentino.it\/wp-content\/uploads\/2021\/09\/pp_cc_mark_74x461.jpg\" \/>\n<meta name=\"twitter:card\" content=\"summary_large_image\" \/>\n<meta name=\"twitter:label1\" content=\"Tempo di lettura stimato\" \/>\n\t<meta name=\"twitter:data1\" content=\"1 minuto\" \/>\n<script type=\"application\/ld+json\" class=\"yoast-schema-graph\">{\"@context\":\"https:\/\/schema.org\",\"@graph\":[{\"@type\":\"WebPage\",\"@id\":\"https:\/\/calendariotrentino.it\/index.php\/modalita-di-pagamento\/\",\"url\":\"https:\/\/calendariotrentino.it\/index.php\/modalita-di-pagamento\/\",\"name\":\"Modalit\u00e0 di pagamento &#8226; Calendario trentino\",\"isPartOf\":{\"@id\":\"https:\/\/calendariotrentino.it\/#website\"},\"primaryImageOfPage\":{\"@id\":\"https:\/\/calendariotrentino.it\/index.php\/modalita-di-pagamento\/#primaryimage\"},\"image\":{\"@id\":\"https:\/\/calendariotrentino.it\/index.php\/modalita-di-pagamento\/#primaryimage\"},\"thumbnailUrl\":\"https:\/\/calendariotrentino.it\/wp-content\/uploads\/2021\/09\/pp_cc_mark_74x461.jpg\",\"datePublished\":\"2021-09-28T04:26:27+00:00\",\"breadcrumb\":{\"@id\":\"https:\/\/calendariotrentino.it\/index.php\/modalita-di-pagamento\/#breadcrumb\"},\"inLanguage\":\"it-IT\",\"potentialAction\":[{\"@type\":\"ReadAction\",\"target\":[\"https:\/\/calendariotrentino.it\/index.php\/modalita-di-pagamento\/\"]}]},{\"@type\":\"ImageObject\",\"inLanguage\":\"it-IT\",\"@id\":\"https:\/\/calendariotrentino.it\/index.php\/modalita-di-pagamento\/#primaryimage\",\"url\":\"https:\/\/calendariotrentino.it\/wp-content\/uploads\/2021\/09\/pp_cc_mark_74x461.jpg\",\"contentUrl\":\"https:\/\/calendariotrentino.it\/wp-content\/uploads\/2021\/09\/pp_cc_mark_74x461.jpg\",\"width\":150,\"height\":94},{\"@type\":\"BreadcrumbList\",\"@id\":\"https:\/\/calendariotrentino.it\/index.php\/modalita-di-pagamento\/#breadcrumb\",\"itemListElement\":[{\"@type\":\"ListItem\",\"position\":1,\"name\":\"Home\",\"item\":\"https:\/\/calendariotrentino.it\/\"},{\"@type\":\"ListItem\",\"position\":2,\"name\":\"Modalit\u00e0 di pagamento\"}]},{\"@type\":\"WebSite\",\"@id\":\"https:\/\/calendariotrentino.it\/#website\",\"url\":\"https:\/\/calendariotrentino.it\/\",\"name\":\"Calendario trentino\",\"description\":\"Calendario trentino, proverbi e detti in dialetto trentino\",\"publisher\":{\"@id\":\"https:\/\/calendariotrentino.it\/#organization\"},\"potentialAction\":[{\"@type\":\"SearchAction\",\"target\":{\"@type\":\"EntryPoint\",\"urlTemplate\":\"https:\/\/calendariotrentino.it\/?s={search_term_string}\"},\"query-input\":{\"@type\":\"PropertyValueSpecification\",\"valueRequired\":true,\"valueName\":\"search_term_string\"}}],\"inLanguage\":\"it-IT\"},{\"@type\":\"Organization\",\"@id\":\"https:\/\/calendariotrentino.it\/#organization\",\"name\":\"Calendario Trentino\",\"url\":\"https:\/\/calendariotrentino.it\/\",\"logo\":{\"@type\":\"ImageObject\",\"inLanguage\":\"it-IT\",\"@id\":\"https:\/\/calendariotrentino.it\/#\/schema\/logo\/image\/\",\"url\":\"https:\/\/calendariotrentino.it\/wp-content\/uploads\/2021\/10\/logo_CALENDARIO_mail.png\",\"contentUrl\":\"https:\/\/calendariotrentino.it\/wp-content\/uploads\/2021\/10\/logo_CALENDARIO_mail.png\",\"width\":248,\"height\":262,\"caption\":\"Calendario Trentino\"},\"image\":{\"@id\":\"https:\/\/calendariotrentino.it\/#\/schema\/logo\/image\/\"}}]}<\/script>\n<!-- \/ Yoast SEO plugin. -->","yoast_head_json":{"title":"Modalit\u00e0 di pagamento &#8226; Calendario trentino","robots":{"index":"index","follow":"follow","max-snippet":"max-snippet:-1","max-image-preview":"max-image-preview:large","max-video-preview":"max-video-preview:-1"},"canonical":"https:\/\/calendariotrentino.it\/index.php\/modalita-di-pagamento\/","og_locale":"it_IT","og_type":"article","og_title":"Modalit\u00e0 di pagamento &#8226; Calendario trentino","og_description":"PayPal e Carta di Credito Una volta confermato l\u2019ordine si verr\u00e0 indirizzati alla pagina PayPal per effettuare il pagamento (transazione sicura e protetta SSL). Se hai gi\u00e0 un conto PayPal&nbsp;sar\u00e0 sufficiente inserire i dati del tuo account e completare l\u2019operazione. Se NON hai un conto PayPal puoi usare la tua carta di credito senza necessit\u00e0 [&hellip;]","og_url":"https:\/\/calendariotrentino.it\/index.php\/modalita-di-pagamento\/","og_site_name":"Calendario trentino","og_image":[{"url":"https:\/\/calendariotrentino.it\/wp-content\/uploads\/2021\/09\/pp_cc_mark_74x461.jpg","type":"","width":"","height":""}],"twitter_card":"summary_large_image","twitter_misc":{"Tempo di lettura stimato":"1 minuto"},"schema":{"@context":"https:\/\/schema.org","@graph":[{"@type":"WebPage","@id":"https:\/\/calendariotrentino.it\/index.php\/modalita-di-pagamento\/","url":"https:\/\/calendariotrentino.it\/index.php\/modalita-di-pagamento\/","name":"Modalit\u00e0 di pagamento &#8226; Calendario trentino","isPartOf":{"@id":"https:\/\/calendariotrentino.it\/#website"},"primaryImageOfPage":{"@id":"https:\/\/calendariotrentino.it\/index.php\/modalita-di-pagamento\/#primaryimage"},"image":{"@id":"https:\/\/calendariotrentino.it\/index.php\/modalita-di-pagamento\/#primaryimage"},"thumbnailUrl":"https:\/\/calendariotrentino.it\/wp-content\/uploads\/2021\/09\/pp_cc_mark_74x461.jpg","datePublished":"2021-09-28T04:26:27+00:00","breadcrumb":{"@id":"https:\/\/calendariotrentino.it\/index.php\/modalita-di-pagamento\/#breadcrumb"},"inLanguage":"it-IT","potentialAction":[{"@type":"ReadAction","target":["https:\/\/calendariotrentino.it\/index.php\/modalita-di-pagamento\/"]}]},{"@type":"ImageObject","inLanguage":"it-IT","@id":"https:\/\/calendariotrentino.it\/index.php\/modalita-di-pagamento\/#primaryimage","url":"https:\/\/calendariotrentino.it\/wp-content\/uploads\/2021\/09\/pp_cc_mark_74x461.jpg","contentUrl":"https:\/\/calendariotrentino.it\/wp-content\/uploads\/2021\/09\/pp_cc_mark_74x461.jpg","width":150,"height":94},{"@type":"BreadcrumbList","@id":"https:\/\/calendariotrentino.it\/index.php\/modalita-di-pagamento\/#breadcrumb","itemListElement":[{"@type":"ListItem","position":1,"name":"Home","item":"https:\/\/calendariotrentino.it\/"},{"@type":"ListItem","position":2,"name":"Modalit\u00e0 di pagamento"}]},{"@type":"WebSite","@id":"https:\/\/calendariotrentino.it\/#website","url":"https:\/\/calendariotrentino.it\/","name":"Calendario trentino","description":"Calendario trentino, proverbi e detti in dialetto trentino","publisher":{"@id":"https:\/\/calendariotrentino.it\/#organization"},"potentialAction":[{"@type":"SearchAction","target":{"@type":"EntryPoint","urlTemplate":"https:\/\/calendariotrentino.it\/?s={search_term_string}"},"query-input":{"@type":"PropertyValueSpecification","valueRequired":true,"valueName":"search_term_string"}}],"inLanguage":"it-IT"},{"@type":"Organization","@id":"https:\/\/calendariotrentino.it\/#organization","name":"Calendario Trentino","url":"https:\/\/calendariotrentino.it\/","logo":{"@type":"ImageObject","inLanguage":"it-IT","@id":"https:\/\/calendariotrentino.it\/#\/schema\/logo\/image\/","url":"https:\/\/calendariotrentino.it\/wp-content\/uploads\/2021\/10\/logo_CALENDARIO_mail.png","contentUrl":"https:\/\/calendariotrentino.it\/wp-content\/uploads\/2021\/10\/logo_CALENDARIO_mail.png","width":248,"height":262,"caption":"Calendario Trentino"},"image":{"@id":"https:\/\/calendariotrentino.it\/#\/schema\/logo\/image\/"}}]}},"_links":{"self":[{"href":"https:\/\/calendariotrentino.it\/index.php\/wp-json\/wp\/v2\/pages\/39","targetHints":{"allow":["GET"]}}],"collection":[{"href":"https:\/\/calendariotrentino.it\/index.php\/wp-json\/wp\/v2\/pages"}],"about":[{"href":"https:\/\/calendariotrentino.it\/index.php\/wp-json\/wp\/v2\/types\/page"}],"author":[{"embeddable":true,"href":"https:\/\/calendariotrentino.it\/index.php\/wp-json\/wp\/v2\/users\/1"}],"replies":[{"embeddable":true,"href":"https:\/\/calendariotrentino.it\/index.php\/wp-json\/wp\/v2\/comments?post=39"}],"version-history":[{"count":1,"href":"https:\/\/calendariotrentino.it\/index.php\/wp-json\/wp\/v2\/pages\/39\/revisions"}],"predecessor-version":[{"id":44,"href":"https:\/\/calendariotrentino.it\/index.php\/wp-json\/wp\/v2\/pages\/39\/revisions\/44"}],"wp:attachment":[{"href":"https:\/\/calendariotrentino.it\/index.php\/wp-json\/wp\/v2\/media?parent=39"}],"curies":[{"name":"wp","href":"https:\/\/api.w.org\/{rel}","templated":true}]}}