{"id":2,"date":"2021-09-16T12:45:16","date_gmt":"2021-09-16T12:45:16","guid":{"rendered":"https:\/\/calendariotrentino.it\/?page_id=2"},"modified":"2026-01-31T10:38:24","modified_gmt":"2026-01-31T10:38:24","slug":"spedizioni-e-resi","status":"publish","type":"page","link":"https:\/\/calendariotrentino.it\/index.php\/spedizioni-e-resi\/","title":{"rendered":"Spedizioni e Resi"},"content":{"rendered":"\n<p id=\"block-6b6df3ca-b53d-4c2a-8ccb-bd4a8ba2f76f\"><strong><br>Gestione dell&#8217;ordine<br><\/strong> I tempi di evasione dell&#8217;ordine sono di 1-2 giorni lavorativi e le spedizioni avvengono dal luned\u00ec al venerd\u00ec. Una volta evaso, l&#8217;ordine verr\u00e0 consegnato tramite Corriere Espresso GLS in 1-2 giorni lavorativi in Italia (2 giorni per le Isole Minori)<\/p>\n\n\n\n<p id=\"block-7f2986b3-08b5-4d79-8fd6-8aa4aa8f7a59\"><strong>Modalit\u00e0 di spedizione<br><\/strong>Ai fini di garantire la tracciabilit\u00e0 del tuo ordine, spediamo in tutta Italia con Corriere Espresso GLS, garanzia di velocit\u00e0 e precisione nelle consegne. <\/p>\n\n\n\n<p id=\"block-fdbbe5ce-9bd1-4acd-a5d8-034f3e6ef7a7\"><br><strong>Spese di spedizione<\/strong><br><\/p>\n\n\n\n<p id=\"block-76f88778-fccb-4ed1-b9de-65ad1a3e823e\"><strong>Italia<\/strong><\/p>\n\n\n\n<p id=\"block-c531559d-50c6-4742-9802-0f6d18c77340\">Corriere espresso GLS con spedizione tracciabile:<\/p>\n\n\n\n<p id=\"block-737dba67-74b8-4dfc-8cea-144f57029638\">Per ordini inferiori ai 30,00 \u20ac: \u20ac 5,00<\/p>\n\n\n\n<p id=\"block-7b06ec0b-9cd7-4554-b478-fbb5de5b6441\">Per ordini superiori ai 30,00 \u20ac: GRATIS<\/p>\n\n\n\n<p id=\"block-d7498a7a-8835-44c4-aef7-55539aba925d\"><strong>Europa<\/strong><\/p>\n\n\n\n<p id=\"block-e49ee316-287a-4c9c-bd3a-8cf0677a69ec\">Corriere espresso GLS con spedizione tracciabile internazionale: \u20ac 20,00<\/p>\n\n\n\n<p id=\"block-c0b71709-86ac-450e-b2e8-1a84cc39f9b4\">&#8212;<\/p>\n\n\n\n<p id=\"block-d40e6107-73eb-4918-afa5-dc5cea023f04\"><strong>DIRITTO DI RECESSO<br><\/strong> I resi: la nostra garanzia.<\/p>\n\n\n\n<p id=\"block-84999058-428d-4e4a-9f9a-076b44ff63bc\">Se recedi dal contratto, ti rimborseremo l\u2019importo dei prodotti restituiti, inclusi i costi di<br>spedizione pagati al momento dell\u2019ordine.<br>Il reso deve essere effettuato tramite servizio postale: le spese di spedizione per la<br>restituzione sono a carico del cliente.<br>Una volta ricevuta e verificata la merce, procederemo al rimborso.<\/p>\n\n\n\n<p id=\"block-84999058-428d-4e4a-9f9a-076b44ff63bc\"><\/p>\n\n\n\n<p id=\"block-50d4ed8a-6ecc-4770-9016-b831d09137d3\">Come esercitare il diritto di recesso<\/p>\n\n\n\n<p id=\"block-7c995e68-c6c8-470d-bbd2-49107f4994f2\">Per esercitare il diritto di recesso, dovrai informarci della tua decisione di recedere dal contratto di acquisto dichiarandolo esplicitamente e inequivocabilmente (per esempio tramite lettera inviata per posta o per e-mail a info@akenaitaly.it.<\/p>\n\n\n\n<p id=\"block-48b6f3b5-1143-45a7-9a84-f7bff39c99b1\">Potrai inoltre contattare l&#8217;Assistenza Clienti al numero 0461961475.<\/p>\n\n\n\n<p id=\"block-b3271e60-d16f-4481-876e-e9fbcc6bc324\">Per recedere per iscritto potrai usare la traccia ripostata al termine della presente Politica di reso.<\/p>\n\n\n\n<p id=\"block-6e4ce950-6718-4502-a3e0-f9e9fb945a10\">Al fine di rispettare la scadenza relativa al recesso, \u00e8 sufficiente inviare comunicazione della tua intenzione di avvalerti del diritto di recesso prima del termine delle tempistiche previste.<\/p>\n\n\n\n<p id=\"block-6a2d096e-18e6-45db-a082-0036e19fbea4\">Effetti del recesso<\/p>\n\n\n\n<p id=\"block-358eabc6-e8eb-4995-a99d-80f0d9536fc0\">Se recedi dal presente contratto, ti rimborseremo tutti i pagamenti effettuati, inclusi i costi della spedizione, il pi\u00f9 rapidamente possibile e non oltre 14 giorni dalla data di ricezione della tua decisione. Il rimborso sar\u00e0 effettuato utilizzando le stesse modalit\u00e0 di pagamento che hai usato per la transazione iniziale, salvo diversi accordi e senza costi aggiuntivi.<\/p>\n\n\n\n<p id=\"block-8a35728c-63ce-4357-9bc2-5e16eb7dcf94\">\u00c8 nostro diritto trattenere il rimborso fino al ricevimento della merce o finch\u00e9 non ci avrai fornito prova della spedizione della stessa.<\/p>\n\n\n\n<p id=\"block-29a2af12-5ed7-438d-9c16-b32e9c8cb05a\">Le merci dovranno essere rispedite al nostro indirizzo il pi\u00f9 rapidamente possibile e, in ogni caso, non oltre 14 giorni dalla data di comunicazione del recesso. La scadenza \u00e8 considerata rispettata se la merce \u00e8 rispedita prima del termine del periodo di 14 giorni.<\/p>\n\n\n\n<p id=\"block-1f788cf2-2471-4253-89fc-d136f1e84be5\">Se, per qualsiasi motivo, non dovessi essere interamente soddisfatto da un ordine, ti invitiamo a contattare l&#8217;Assistenza Clienti al numero 0461.961475<\/p>\n\n\n\n<h4 class=\"wp-block-heading\" id=\"block-21707526-2fdb-4c09-a324-9567e71cb989\">&#8212;<\/h4>\n\n\n\n<p id=\"block-1dc507f2-da2a-4f53-82d5-9bf0007a86f6\"><strong>MODULO DI RECESSO<\/strong><\/p>\n\n\n\n<p id=\"block-f99bfa66-3d25-4932-a327-8d98c2aa3e89\"><br>Compila e rispedisci il presente modulo unicamente se desideri recedere dal contratto di acquisto a distanza.<\/p>\n\n\n\n<p id=\"block-0dc93f1c-89fc-42a5-b637-0feb17a12698\">\u2014 Per: AKENA SRL :Via della Cooperazione, 97 &#8211; 38123 Mattarello (TN) &#8211; Italia<\/p>\n\n\n\n<p id=\"block-3aa67c65-2c35-498c-a2bb-b63986ab3149\">\u2014 Io sottoscritto NOME e COGNOME, con la presente do notifica della mia intenzione di recedere dal contratto di acquisto per le seguenti merci:<\/p>\n\n\n\n<ul id=\"block-afb69c67-c7c7-4459-8c4f-81c80854a28a\" class=\"wp-block-list\">\n<li>Elenco dettagliato merci &#8211;<\/li>\n<\/ul>\n\n\n\n<p id=\"block-68a11b56-9c13-40b2-b8dd-8edc16b53e38\">\u2014 Ordinate in data_____________ e ricevute in data___________ ordine n\u00b0 <strong><em>_<\/em><\/strong><\/p>\n\n\n\n<p id=\"block-7c6a2eb3-3bab-47b5-86b1-962c56f53caa\">\u2014 Indirizzo dell\u2019acquirente<\/p>\n\n\n\n<p id=\"block-6d69b010-01b3-4c52-9dd9-9b1754883ff4\">\u2014 Firma dell&#8217;acquirente<\/p>\n","protected":false},"excerpt":{"rendered":"<p>Gestione dell&#8217;ordine I tempi di evasione dell&#8217;ordine sono di 1-2 giorni lavorativi e le spedizioni avvengono dal luned\u00ec al venerd\u00ec. Una volta evaso, l&#8217;ordine verr\u00e0 consegnato tramite Corriere Espresso GLS in 1-2 giorni lavorativi in Italia (2 giorni per le Isole Minori) Modalit\u00e0 di spedizioneAi fini di garantire la tracciabilit\u00e0 del tuo ordine, spediamo in [&hellip;]<\/p>\n","protected":false},"author":1,"featured_media":0,"parent":0,"menu_order":0,"comment_status":"closed","ping_status":"open","template":"","meta":{"footnotes":""},"class_list":["post-2","page","type-page","status-publish","hentry"],"yoast_head":"<!-- This site is optimized with the Yoast SEO plugin v26.6 - https:\/\/yoast.com\/wordpress\/plugins\/seo\/ -->\n<title>Spedizioni e Resi &#8226; Calendario trentino<\/title>\n<meta name=\"robots\" content=\"index, follow, max-snippet:-1, max-image-preview:large, max-video-preview:-1\" \/>\n<link rel=\"canonical\" href=\"https:\/\/calendariotrentino.it\/index.php\/spedizioni-e-resi\/\" \/>\n<meta property=\"og:locale\" content=\"it_IT\" \/>\n<meta property=\"og:type\" content=\"article\" \/>\n<meta property=\"og:title\" content=\"Spedizioni e Resi &#8226; Calendario trentino\" \/>\n<meta property=\"og:description\" content=\"Gestione dell&#8217;ordine I tempi di evasione dell&#8217;ordine sono di 1-2 giorni lavorativi e le spedizioni avvengono dal luned\u00ec al venerd\u00ec. Una volta evaso, l&#8217;ordine verr\u00e0 consegnato tramite Corriere Espresso GLS in 1-2 giorni lavorativi in Italia (2 giorni per le Isole Minori) Modalit\u00e0 di spedizioneAi fini di garantire la tracciabilit\u00e0 del tuo ordine, spediamo in [&hellip;]\" \/>\n<meta property=\"og:url\" content=\"https:\/\/calendariotrentino.it\/index.php\/spedizioni-e-resi\/\" \/>\n<meta property=\"og:site_name\" content=\"Calendario trentino\" \/>\n<meta property=\"article:modified_time\" content=\"2026-01-31T10:38:24+00:00\" \/>\n<meta property=\"og:image\" content=\"https:\/\/calendariotrentino.it\/wp-content\/uploads\/2023\/09\/cropped-cropped-logo_penset_de_farghela.png\" \/>\n\t<meta property=\"og:image:width\" content=\"512\" \/>\n\t<meta property=\"og:image:height\" content=\"512\" \/>\n\t<meta property=\"og:image:type\" content=\"image\/png\" \/>\n<meta name=\"twitter:card\" content=\"summary_large_image\" \/>\n<meta name=\"twitter:label1\" content=\"Tempo di lettura stimato\" \/>\n\t<meta name=\"twitter:data1\" content=\"2 minuti\" \/>\n<script type=\"application\/ld+json\" class=\"yoast-schema-graph\">{\"@context\":\"https:\/\/schema.org\",\"@graph\":[{\"@type\":\"WebPage\",\"@id\":\"https:\/\/calendariotrentino.it\/index.php\/spedizioni-e-resi\/\",\"url\":\"https:\/\/calendariotrentino.it\/index.php\/spedizioni-e-resi\/\",\"name\":\"Spedizioni e Resi &#8226; Calendario trentino\",\"isPartOf\":{\"@id\":\"https:\/\/calendariotrentino.it\/#website\"},\"datePublished\":\"2021-09-16T12:45:16+00:00\",\"dateModified\":\"2026-01-31T10:38:24+00:00\",\"breadcrumb\":{\"@id\":\"https:\/\/calendariotrentino.it\/index.php\/spedizioni-e-resi\/#breadcrumb\"},\"inLanguage\":\"it-IT\",\"potentialAction\":[{\"@type\":\"ReadAction\",\"target\":[\"https:\/\/calendariotrentino.it\/index.php\/spedizioni-e-resi\/\"]}]},{\"@type\":\"BreadcrumbList\",\"@id\":\"https:\/\/calendariotrentino.it\/index.php\/spedizioni-e-resi\/#breadcrumb\",\"itemListElement\":[{\"@type\":\"ListItem\",\"position\":1,\"name\":\"Home\",\"item\":\"https:\/\/calendariotrentino.it\/\"},{\"@type\":\"ListItem\",\"position\":2,\"name\":\"Spedizioni e Resi\"}]},{\"@type\":\"WebSite\",\"@id\":\"https:\/\/calendariotrentino.it\/#website\",\"url\":\"https:\/\/calendariotrentino.it\/\",\"name\":\"Calendario trentino\",\"description\":\"Calendario trentino, proverbi e detti in dialetto trentino\",\"publisher\":{\"@id\":\"https:\/\/calendariotrentino.it\/#organization\"},\"potentialAction\":[{\"@type\":\"SearchAction\",\"target\":{\"@type\":\"EntryPoint\",\"urlTemplate\":\"https:\/\/calendariotrentino.it\/?s={search_term_string}\"},\"query-input\":{\"@type\":\"PropertyValueSpecification\",\"valueRequired\":true,\"valueName\":\"search_term_string\"}}],\"inLanguage\":\"it-IT\"},{\"@type\":\"Organization\",\"@id\":\"https:\/\/calendariotrentino.it\/#organization\",\"name\":\"Calendario Trentino\",\"url\":\"https:\/\/calendariotrentino.it\/\",\"logo\":{\"@type\":\"ImageObject\",\"inLanguage\":\"it-IT\",\"@id\":\"https:\/\/calendariotrentino.it\/#\/schema\/logo\/image\/\",\"url\":\"https:\/\/calendariotrentino.it\/wp-content\/uploads\/2021\/10\/logo_CALENDARIO_mail.png\",\"contentUrl\":\"https:\/\/calendariotrentino.it\/wp-content\/uploads\/2021\/10\/logo_CALENDARIO_mail.png\",\"width\":248,\"height\":262,\"caption\":\"Calendario Trentino\"},\"image\":{\"@id\":\"https:\/\/calendariotrentino.it\/#\/schema\/logo\/image\/\"}}]}<\/script>\n<!-- \/ Yoast SEO plugin. -->","yoast_head_json":{"title":"Spedizioni e Resi &#8226; Calendario trentino","robots":{"index":"index","follow":"follow","max-snippet":"max-snippet:-1","max-image-preview":"max-image-preview:large","max-video-preview":"max-video-preview:-1"},"canonical":"https:\/\/calendariotrentino.it\/index.php\/spedizioni-e-resi\/","og_locale":"it_IT","og_type":"article","og_title":"Spedizioni e Resi &#8226; Calendario trentino","og_description":"Gestione dell&#8217;ordine I tempi di evasione dell&#8217;ordine sono di 1-2 giorni lavorativi e le spedizioni avvengono dal luned\u00ec al venerd\u00ec. Una volta evaso, l&#8217;ordine verr\u00e0 consegnato tramite Corriere Espresso GLS in 1-2 giorni lavorativi in Italia (2 giorni per le Isole Minori) Modalit\u00e0 di spedizioneAi fini di garantire la tracciabilit\u00e0 del tuo ordine, spediamo in [&hellip;]","og_url":"https:\/\/calendariotrentino.it\/index.php\/spedizioni-e-resi\/","og_site_name":"Calendario trentino","article_modified_time":"2026-01-31T10:38:24+00:00","og_image":[{"width":512,"height":512,"url":"https:\/\/calendariotrentino.it\/wp-content\/uploads\/2023\/09\/cropped-cropped-logo_penset_de_farghela.png","type":"image\/png"}],"twitter_card":"summary_large_image","twitter_misc":{"Tempo di lettura stimato":"2 minuti"},"schema":{"@context":"https:\/\/schema.org","@graph":[{"@type":"WebPage","@id":"https:\/\/calendariotrentino.it\/index.php\/spedizioni-e-resi\/","url":"https:\/\/calendariotrentino.it\/index.php\/spedizioni-e-resi\/","name":"Spedizioni e Resi &#8226; Calendario trentino","isPartOf":{"@id":"https:\/\/calendariotrentino.it\/#website"},"datePublished":"2021-09-16T12:45:16+00:00","dateModified":"2026-01-31T10:38:24+00:00","breadcrumb":{"@id":"https:\/\/calendariotrentino.it\/index.php\/spedizioni-e-resi\/#breadcrumb"},"inLanguage":"it-IT","potentialAction":[{"@type":"ReadAction","target":["https:\/\/calendariotrentino.it\/index.php\/spedizioni-e-resi\/"]}]},{"@type":"BreadcrumbList","@id":"https:\/\/calendariotrentino.it\/index.php\/spedizioni-e-resi\/#breadcrumb","itemListElement":[{"@type":"ListItem","position":1,"name":"Home","item":"https:\/\/calendariotrentino.it\/"},{"@type":"ListItem","position":2,"name":"Spedizioni e Resi"}]},{"@type":"WebSite","@id":"https:\/\/calendariotrentino.it\/#website","url":"https:\/\/calendariotrentino.it\/","name":"Calendario trentino","description":"Calendario trentino, proverbi e detti in dialetto trentino","publisher":{"@id":"https:\/\/calendariotrentino.it\/#organization"},"potentialAction":[{"@type":"SearchAction","target":{"@type":"EntryPoint","urlTemplate":"https:\/\/calendariotrentino.it\/?s={search_term_string}"},"query-input":{"@type":"PropertyValueSpecification","valueRequired":true,"valueName":"search_term_string"}}],"inLanguage":"it-IT"},{"@type":"Organization","@id":"https:\/\/calendariotrentino.it\/#organization","name":"Calendario Trentino","url":"https:\/\/calendariotrentino.it\/","logo":{"@type":"ImageObject","inLanguage":"it-IT","@id":"https:\/\/calendariotrentino.it\/#\/schema\/logo\/image\/","url":"https:\/\/calendariotrentino.it\/wp-content\/uploads\/2021\/10\/logo_CALENDARIO_mail.png","contentUrl":"https:\/\/calendariotrentino.it\/wp-content\/uploads\/2021\/10\/logo_CALENDARIO_mail.png","width":248,"height":262,"caption":"Calendario Trentino"},"image":{"@id":"https:\/\/calendariotrentino.it\/#\/schema\/logo\/image\/"}}]}},"_links":{"self":[{"href":"https:\/\/calendariotrentino.it\/index.php\/wp-json\/wp\/v2\/pages\/2","targetHints":{"allow":["GET"]}}],"collection":[{"href":"https:\/\/calendariotrentino.it\/index.php\/wp-json\/wp\/v2\/pages"}],"about":[{"href":"https:\/\/calendariotrentino.it\/index.php\/wp-json\/wp\/v2\/types\/page"}],"author":[{"embeddable":true,"href":"https:\/\/calendariotrentino.it\/index.php\/wp-json\/wp\/v2\/users\/1"}],"replies":[{"embeddable":true,"href":"https:\/\/calendariotrentino.it\/index.php\/wp-json\/wp\/v2\/comments?post=2"}],"version-history":[{"count":4,"href":"https:\/\/calendariotrentino.it\/index.php\/wp-json\/wp\/v2\/pages\/2\/revisions"}],"predecessor-version":[{"id":1694,"href":"https:\/\/calendariotrentino.it\/index.php\/wp-json\/wp\/v2\/pages\/2\/revisions\/1694"}],"wp:attachment":[{"href":"https:\/\/calendariotrentino.it\/index.php\/wp-json\/wp\/v2\/media?parent=2"}],"curies":[{"name":"wp","href":"https:\/\/api.w.org\/{rel}","templated":true}]}}